{"id":90,"date":"2016-08-12T12:49:58","date_gmt":"2016-08-12T12:49:58","guid":{"rendered":"http:\/\/babywaagen.at\/Babyausstattung\/?page_id=90"},"modified":"2016-08-12T12:49:58","modified_gmt":"2016-08-12T12:49:58","slug":"hinweis-nach-dem-batteriegesetz","status":"publish","type":"page","link":"https:\/\/babywaagen.at\/Babyausstattung\/?page_id=90","title":{"rendered":"Hinweis nach dem Batteriegesetz"},"content":{"rendered":"<p>Hinweis nach dem Batteriegesetz<\/p>\n<p>Unsere Hinweispflicht nach dem Batteriegesetz<\/p>\n<p>Altbatterien geh\u00f6ren nicht in den Hausm\u00fcll. Sie k\u00f6nnen gebrauchte Batterien unentgeltlich an unserem Versandlager zur\u00fcckgeben. Sie sind als Verbraucher zur R\u00fcckgabe von Altbatterien gesetzlich verpflichtet.<\/p>\n<p>Schadstoffhaltige Batterien sind mit einem Zeichen, bestehend aus einer durchgestrichenen M\u00fclltonne und dem chemischen Symbol (Cd, Hg oder Pb) des f\u00fcr die Einstufung als schadstoffhaltig ausschlaggebenden Schwermetalls versehen:<\/p>\n<p><a href=\"https:\/\/babywaagen.at\/Babyausstattung\/wp-content\/uploads\/mu1.gif\"><img loading=\"lazy\" decoding=\"async\" class=\"alignnone size-full wp-image-91\" src=\"https:\/\/babywaagen.at\/Babyausstattung\/wp-content\/uploads\/mu1.gif\" alt=\"mu1\" width=\"257\" height=\"97\" \/><\/a><br \/>\n1.\u201eCd&#8220;\u00a0 steht f\u00fcr Cadmium.<br \/>\n2.\u201eHg&#8220; steht f\u00fcr Quecksilber.<br \/>\n3.\u201ePb&#8220; steht f\u00fcr Blei.<\/p>\n","protected":false},"excerpt":{"rendered":"<p>Hinweis nach dem Batteriegesetz Unsere Hinweispflicht nach dem Batteriegesetz Altbatterien geh\u00f6ren nicht in den Hausm\u00fcll. Sie k\u00f6nnen gebrauchte Batterien unentgeltlich an unserem Versandlager zur\u00fcckgeben. Sie sind als Verbraucher zur R\u00fcckgabe von Altbatterien gesetzlich verpflichtet. Schadstoffhaltige Batterien sind mit einem Zeichen, &hellip; <a href=\"https:\/\/babywaagen.at\/Babyausstattung\/?page_id=90\">Weiterlesen <span class=\"meta-nav\">&rarr;<\/span><\/a><\/p>\n","protected":false},"author":2,"featured_media":0,"parent":0,"menu_order":0,"comment_status":"closed","ping_status":"closed","template":"","meta":{"footnotes":""},"class_list":["post-90","page","type-page","status-publish","hentry"],"_links":{"self":[{"href":"https:\/\/babywaagen.at\/Babyausstattung\/index.php?rest_route=\/wp\/v2\/pages\/90","targetHints":{"allow":["GET"]}}],"collection":[{"href":"https:\/\/babywaagen.at\/Babyausstattung\/index.php?rest_route=\/wp\/v2\/pages"}],"about":[{"href":"https:\/\/babywaagen.at\/Babyausstattung\/index.php?rest_route=\/wp\/v2\/types\/page"}],"author":[{"embeddable":true,"href":"https:\/\/babywaagen.at\/Babyausstattung\/index.php?rest_route=\/wp\/v2\/users\/2"}],"replies":[{"embeddable":true,"href":"https:\/\/babywaagen.at\/Babyausstattung\/index.php?rest_route=%2Fwp%2Fv2%2Fcomments&post=90"}],"version-history":[{"count":1,"href":"https:\/\/babywaagen.at\/Babyausstattung\/index.php?rest_route=\/wp\/v2\/pages\/90\/revisions"}],"predecessor-version":[{"id":92,"href":"https:\/\/babywaagen.at\/Babyausstattung\/index.php?rest_route=\/wp\/v2\/pages\/90\/revisions\/92"}],"wp:attachment":[{"href":"https:\/\/babywaagen.at\/Babyausstattung\/index.php?rest_route=%2Fwp%2Fv2%2Fmedia&parent=90"}],"curies":[{"name":"wp","href":"https:\/\/api.w.org\/{rel}","templated":true}]}}