{"id":17,"date":"2010-09-27T14:04:32","date_gmt":"2010-09-27T14:04:32","guid":{"rendered":"http:\/\/babywaagen.at\/Babyausstattung\/?page_id=17"},"modified":"2025-01-15T11:12:21","modified_gmt":"2025-01-15T11:12:21","slug":"startseite","status":"publish","type":"page","link":"https:\/\/babywaagen.at\/Babyausstattung\/","title":{"rendered":"Startseite"},"content":{"rendered":"<p>Herzlich willkommen,<\/p>\n<p>auf dieser Info- Seite m\u00f6chten wir Ihnen verschiedene Babywaagen aus unserem Sortiment vorstellen und Informationen rumd um das Thema Baby, S\u00e4ugling und Kleinkind f\u00fcr Sie anbieten.<\/p>\n<p>In den verschiedenen Kategorien zum Hauptthema dieser Webseite, den Babywaagen, finden Sie eine gute Vorauswahl an bestellbaren Waagen.<\/p>\n<p>Eine Babywaage direkt aus \u00d6sterreich bestellen zu guten Preisen, dazu besuchen Sie einfach unseren Online Shop. Gerne stehen wir Ihnen auch beratend zur Seite. Auch Artzpraxen die medizinische Waagen mit Eichzulassung ben\u00f6tigen finden bei uns kompetente Ansprechpartner.<\/p>\n<div id=\"attachment_80\" style=\"width: 310px\" class=\"wp-caption alignnone\"><a href=\"https:\/\/babywaagen.at\/Babyausstattung\/wp-content\/uploads\/Babywaage-Oesterreich-kaufen.jpg\"><img loading=\"lazy\" decoding=\"async\" aria-describedby=\"caption-attachment-80\" class=\"size-medium wp-image-80\" src=\"https:\/\/babywaagen.at\/Babyausstattung\/wp-content\/uploads\/Babywaage-Oesterreich-kaufen-300x252.jpg\" alt=\"Baby Waage \u00d6sterreich\" width=\"300\" height=\"252\" srcset=\"https:\/\/babywaagen.at\/Babyausstattung\/wp-content\/uploads\/Babywaage-Oesterreich-kaufen-300x252.jpg 300w, https:\/\/babywaagen.at\/Babyausstattung\/wp-content\/uploads\/Babywaage-Oesterreich-kaufen.jpg 600w\" sizes=\"auto, (max-width: 300px) 100vw, 300px\" \/><\/a><p id=\"caption-attachment-80\" class=\"wp-caption-text\">Babywaage f\u00fcr \u00d6sterreich kaufen<\/p><\/div>\n<p>NEU ! Auf vielfachen Wunsch sind nun auch Babywaagen mit Tragetaschen erh\u00e4ltlich. Hierzu haben wir einen Artikel f\u00fcr Sie zusammengestellt, den Sie rechts unter &#8222;Babywaage mit Tasche speziell f\u00fcr Hebammen&#8220; finden k\u00f6nnen.<\/p>\n<p>Mehrfach wurden wir, vorallem von unseren Hebammen angesprochen, da\u00df die Waagen doch recht unhandlich und schlecht zu transportieren sind. Wir hoffen nun eine gute Abhilfe dieses Problems anbieten zu k\u00f6nnen und freuen uns wie immer \u00fcber Ihr Erfahrungen und Meinungen zu der neuen Tasche.<\/p>\n<div id=\"attachment_55\" style=\"width: 260px\" class=\"wp-caption alignnone\"><a href=\"https:\/\/babywaagen.at\/Babyausstattung\/wp-content\/uploads\/Babywaage-mit-Tasche.jpg\"><img loading=\"lazy\" decoding=\"async\" aria-describedby=\"caption-attachment-55\" class=\"size-full wp-image-55\" src=\"https:\/\/babywaagen.at\/Babyausstattung\/wp-content\/uploads\/Babywaage-mit-Tasche.jpg\" alt=\"Baby Waage mit Tragetasche \" width=\"250\" height=\"251\" srcset=\"https:\/\/babywaagen.at\/Babyausstattung\/wp-content\/uploads\/Babywaage-mit-Tasche.jpg 250w, https:\/\/babywaagen.at\/Babyausstattung\/wp-content\/uploads\/Babywaage-mit-Tasche-150x150.jpg 150w\" sizes=\"auto, (max-width: 250px) 100vw, 250px\" \/><\/a><p id=\"caption-attachment-55\" class=\"wp-caption-text\">Baby Waage mit Tragetasche<\/p><\/div>\n<p>Wir w\u00fcnschen viel Spa\u00df beim duchst\u00f6bern unserer Seiten.<\/p>\n","protected":false},"excerpt":{"rendered":"<p>Herzlich willkommen, auf dieser Info- Seite m\u00f6chten wir Ihnen verschiedene Babywaagen aus unserem Sortiment vorstellen und Informationen rumd um das Thema Baby, S\u00e4ugling und Kleinkind f\u00fcr Sie anbieten. In den verschiedenen Kategorien zum Hauptthema dieser Webseite, den Babywaagen, finden Sie &hellip; <a href=\"https:\/\/babywaagen.at\/Babyausstattung\/\">Weiterlesen <span class=\"meta-nav\">&rarr;<\/span><\/a><\/p>\n","protected":false},"author":2,"featured_media":0,"parent":0,"menu_order":0,"comment_status":"closed","ping_status":"closed","template":"sidebar-page.php","meta":{"footnotes":""},"class_list":["post-17","page","type-page","status-publish","hentry"],"_links":{"self":[{"href":"https:\/\/babywaagen.at\/Babyausstattung\/index.php?rest_route=\/wp\/v2\/pages\/17","targetHints":{"allow":["GET"]}}],"collection":[{"href":"https:\/\/babywaagen.at\/Babyausstattung\/index.php?rest_route=\/wp\/v2\/pages"}],"about":[{"href":"https:\/\/babywaagen.at\/Babyausstattung\/index.php?rest_route=\/wp\/v2\/types\/page"}],"author":[{"embeddable":true,"href":"https:\/\/babywaagen.at\/Babyausstattung\/index.php?rest_route=\/wp\/v2\/users\/2"}],"replies":[{"embeddable":true,"href":"https:\/\/babywaagen.at\/Babyausstattung\/index.php?rest_route=%2Fwp%2Fv2%2Fcomments&post=17"}],"version-history":[{"count":10,"href":"https:\/\/babywaagen.at\/Babyausstattung\/index.php?rest_route=\/wp\/v2\/pages\/17\/revisions"}],"predecessor-version":[{"id":85,"href":"https:\/\/babywaagen.at\/Babyausstattung\/index.php?rest_route=\/wp\/v2\/pages\/17\/revisions\/85"}],"wp:attachment":[{"href":"https:\/\/babywaagen.at\/Babyausstattung\/index.php?rest_route=%2Fwp%2Fv2%2Fmedia&parent=17"}],"curies":[{"name":"wp","href":"https:\/\/api.w.org\/{rel}","templated":true}]}}